{"id":628,"date":"2015-08-04T14:01:38","date_gmt":"2015-08-04T14:01:38","guid":{"rendered":"http:\/\/dormiedisna.dolomitiproject.it\/?page_id=628&#038;lang=en"},"modified":"2018-08-06T10:20:43","modified_gmt":"2018-08-06T10:20:43","slug":"to-visit-in-zoldo","status":"publish","type":"page","link":"https:\/\/www.dormiedisna.it\/en\/walks-and-excursions-zoldo\/to-visit-in-zoldo\/","title":{"rendered":"To visit in Zoldo"},"content":{"rendered":"<div style=\"width: 100%; overflow: auto;\">\n<h2>The Church of San Floriano in Pieve<\/h2>\n<p style=\"text-align: left;\"><a href=\"http:\/\/dormiedisna.dolomitiproject.it\/wp-content\/uploads\/2015\/08\/P1010023.jpg\"><img loading=\"lazy\" class=\" size-thumbnail wp-image-629 alignleft\" src=\"http:\/\/dormiedisna.dolomitiproject.it\/wp-content\/uploads\/2015\/08\/P1010023-150x150.jpg\" alt=\"P1010023\" width=\"150\" height=\"150\" \/><\/a><\/p>\n<p>&nbsp;<\/p>\n<p style=\"text-align: justify;\">The church of San Floriano in Pieve is the most important religious building of the Valley. It was built\u00a0during the 15th century. Inside, it is possible to admire the Altar of the Souls of A. Brustolon (1687), the Madonna of V. Panciera Besarel (1868), and the pulpit of Paolo Gamba Zampol (1760).<\/p>\n<\/div>\n<hr \/>\n<div style=\"width: 100%; overflow: auto;\">\n<h2>The Cibiana murals<\/h2>\n<p><a href=\"http:\/\/dormiedisna.dolomitiproject.it\/wp-content\/uploads\/2015\/04\/cibiana-murales7.d1287402000.jpg\"><img loading=\"lazy\" class=\" size-full wp-image-110 alignleft\" src=\"http:\/\/dormiedisna.dolomitiproject.it\/wp-content\/uploads\/2015\/04\/cibiana-murales7.d1287402000.jpg\" alt=\"cibiana-murales7.d1287402000\" width=\"100\" height=\"130\" \/><\/a><\/p>\n<p>&nbsp;<\/p>\n<p>Cibiana &#8211; 15 Km from Fornesighe &#8211; offers more than fifty murals, scattered all over the boroughs of Strassei, Pianezze, Cibiana di sotto, Col Le nove e Masari\u00e8<\/p>\n<\/div>\n<hr \/>\n<div style=\"width: 100%; overflow: auto;\">\n<h2>Museum of Mount\u00a0Rite<\/h2>\n<p><a href=\"http:\/\/dormiedisna.dolomitiproject.it\/wp-content\/uploads\/2015\/04\/MESSNER-MOUNTAIN-MUSEUM.d1287402014.jpg\"><img loading=\"lazy\" class=\" size-full wp-image-111 alignleft\" src=\"http:\/\/dormiedisna.dolomitiproject.it\/wp-content\/uploads\/2015\/04\/MESSNER-MOUNTAIN-MUSEUM.d1287402014.jpg\" alt=\"MESSNER-MOUNTAIN-MUSEUM.d1287402014\" width=\"250\" height=\"114\" \/><\/a><\/p>\n<p style=\"text-align: justify;\">On top of Mount Rite, inside the old military barracks, is the Museum in the Clouds, the Messner Mountain Museum. After his alpine successes, Reinhold Messner narrates, from this site, his vertical world, through paintings and sculptures that reproduce the Dolomites.<\/p>\n<\/div>\n<hr \/>\n<h2>Museum of old Customs and Habits of the Goima Valley<\/h2>\n<p><a href=\"http:\/\/dormiedisna.dolomitiproject.it\/wp-content\/uploads\/2015\/08\/goima.jpeg\"><img loading=\"lazy\" class=\" size-thumbnail wp-image-630 alignleft\" src=\"http:\/\/dormiedisna.dolomitiproject.it\/wp-content\/uploads\/2015\/08\/goima-150x142.jpeg\" alt=\"goima\" width=\"150\" height=\"142\" \/><\/a><\/p>\n<p>&nbsp;<\/p>\n<p style=\"text-align: justify;\">This collection of works highlights the history, the economy, the customs and habits of the Valley of Goima. There are numerous themes running through the museum, such as agriculture, metallurgy, local woodwork, thread spinning and farming.<\/p>\n<p>&nbsp;<\/p>\n<hr \/>\n<div style=\"width: 100%; overflow: auto;\">\n<h2>The Iron and Nail Museum and the &#8220;Fusinela&#8221;, forge of Pralongo<\/h2>\n<p><a href=\"http:\/\/dormiedisna.dolomitiproject.it\/wp-content\/uploads\/2015\/04\/CIODAROT.d1287402029.jpg\"><img loading=\"lazy\" class=\" size-full wp-image-112 alignleft\" src=\"http:\/\/dormiedisna.dolomitiproject.it\/wp-content\/uploads\/2015\/04\/CIODAROT.d1287402029.jpg\" alt=\"CIODAROT.d1287402029\" width=\"200\" height=\"266\" \/><\/a><\/p>\n<p style=\"text-align: justify;\">There are numerous documents that tell of the local forges and the work done by the nail makers. The forges were rustic wood and stone constructions, with tiled wooden roofs. These were always in the proximity of water, as this element was vital for the functioning of the hammer in the production of iron and nails. Quite so, it was a canal that brought the water to the forges, in order for the water to be able to make momentum, therefore producing the necessary force to move the hammer&#8217;s cog-wheel. Another vital part of the structure was the fitor, the anvil. This rested on large tree stumps (z\u00f2ca), the &#8220;ciodar\u00f2t&#8217;s&#8221;, nail maker&#8217;s, workbenches. In the fusin\u00e8la, not only were nails were produced, but also tools for the everyday life.<br \/>\nPralongo&#8217;s fusin\u00e8la is the only one today that provides evidence of the ciodarot&#8217;s working environment. The building has recently been refurbished, and a visit to it and to the Iron and Nail Museum allows one to understand how much hard work this old activity demanded.<\/p>\n<\/div>\n","protected":false},"excerpt":{"rendered":"<p>The Church of San Floriano in Pieve &nbsp; The church of San Floriano in Pieve is the most important religious building of the Valley. It was built\u00a0during the 15th century&#8230;.<\/p>\n","protected":false},"author":1,"featured_media":112,"parent":654,"menu_order":0,"comment_status":"open","ping_status":"open","template":"","meta":{"spay_email":""},"yoast_head":"<!-- This site is optimized with the Yoast SEO plugin v18.4.1 - https:\/\/yoast.com\/wordpress\/plugins\/seo\/ -->\n<title>To visit in Zoldo - Dorm\u00ec&amp;Disn\u00e0<\/title>\n<meta name=\"robots\" content=\"index, follow, max-snippet:-1, max-image-preview:large, max-video-preview:-1\" \/>\n<link rel=\"canonical\" href=\"https:\/\/www.dormiedisna.it\/en\/walks-and-excursions-zoldo\/to-visit-in-zoldo\/\" \/>\n<meta property=\"og:locale\" content=\"en_US\" \/>\n<meta property=\"og:type\" content=\"article\" \/>\n<meta property=\"og:title\" content=\"To visit in Zoldo - Dorm\u00ec&amp;Disn\u00e0\" \/>\n<meta property=\"og:description\" content=\"The Church of San Floriano in Pieve &nbsp; The church of San Floriano in Pieve is the most important religious building of the Valley. It was built\u00a0during the 15th century....\" \/>\n<meta property=\"og:url\" content=\"https:\/\/www.dormiedisna.it\/en\/walks-and-excursions-zoldo\/to-visit-in-zoldo\/\" \/>\n<meta property=\"og:site_name\" content=\"Dorm\u00ec&amp;Disn\u00e0\" \/>\n<meta property=\"article:modified_time\" content=\"2018-08-06T10:20:43+00:00\" \/>\n<meta property=\"og:image\" content=\"https:\/\/www.dormiedisna.it\/wp-content\/uploads\/2015\/04\/CIODAROT.d1287402029.jpg\" \/>\n\t<meta property=\"og:image:width\" content=\"200\" \/>\n\t<meta property=\"og:image:height\" content=\"266\" \/>\n\t<meta property=\"og:image:type\" content=\"image\/jpeg\" \/>\n<meta name=\"twitter:card\" content=\"summary\" \/>\n<meta name=\"twitter:label1\" content=\"Est. reading time\" \/>\n\t<meta name=\"twitter:data1\" content=\"2 minutes\" \/>\n<script type=\"application\/ld+json\" class=\"yoast-schema-graph\">{\"@context\":\"https:\/\/schema.org\",\"@graph\":[{\"@type\":\"WebSite\",\"@id\":\"https:\/\/www.dormiedisna.it\/#website\",\"url\":\"https:\/\/www.dormiedisna.it\/\",\"name\":\"Dorm\u00ec&amp;Disn\u00e0\",\"description\":\"Bed &amp; Breakfast, Alloggi\",\"potentialAction\":[{\"@type\":\"SearchAction\",\"target\":{\"@type\":\"EntryPoint\",\"urlTemplate\":\"https:\/\/www.dormiedisna.it\/?s={search_term_string}\"},\"query-input\":\"required name=search_term_string\"}],\"inLanguage\":\"en-US\"},{\"@type\":\"ImageObject\",\"@id\":\"https:\/\/www.dormiedisna.it\/en\/walks-and-excursions-zoldo\/to-visit-in-zoldo\/#primaryimage\",\"inLanguage\":\"en-US\",\"url\":\"https:\/\/www.dormiedisna.it\/wp-content\/uploads\/2015\/04\/CIODAROT.d1287402029.jpg\",\"contentUrl\":\"https:\/\/www.dormiedisna.it\/wp-content\/uploads\/2015\/04\/CIODAROT.d1287402029.jpg\",\"width\":200,\"height\":266},{\"@type\":\"WebPage\",\"@id\":\"https:\/\/www.dormiedisna.it\/en\/walks-and-excursions-zoldo\/to-visit-in-zoldo\/#webpage\",\"url\":\"https:\/\/www.dormiedisna.it\/en\/walks-and-excursions-zoldo\/to-visit-in-zoldo\/\",\"name\":\"To visit in Zoldo - Dorm\u00ec&amp;Disn\u00e0\",\"isPartOf\":{\"@id\":\"https:\/\/www.dormiedisna.it\/#website\"},\"primaryImageOfPage\":{\"@id\":\"https:\/\/www.dormiedisna.it\/en\/walks-and-excursions-zoldo\/to-visit-in-zoldo\/#primaryimage\"},\"datePublished\":\"2015-08-04T14:01:38+00:00\",\"dateModified\":\"2018-08-06T10:20:43+00:00\",\"breadcrumb\":{\"@id\":\"https:\/\/www.dormiedisna.it\/en\/walks-and-excursions-zoldo\/to-visit-in-zoldo\/#breadcrumb\"},\"inLanguage\":\"en-US\",\"potentialAction\":[{\"@type\":\"ReadAction\",\"target\":[\"https:\/\/www.dormiedisna.it\/en\/walks-and-excursions-zoldo\/to-visit-in-zoldo\/\"]}]},{\"@type\":\"BreadcrumbList\",\"@id\":\"https:\/\/www.dormiedisna.it\/en\/walks-and-excursions-zoldo\/to-visit-in-zoldo\/#breadcrumb\",\"itemListElement\":[{\"@type\":\"ListItem\",\"position\":1,\"name\":\"Home\",\"item\":\"https:\/\/www.dormiedisna.it\/en\/\"},{\"@type\":\"ListItem\",\"position\":2,\"name\":\"Walks and excursions in Zoldo\",\"item\":\"https:\/\/www.dormiedisna.it\/en\/walks-and-excursions-zoldo\/\"},{\"@type\":\"ListItem\",\"position\":3,\"name\":\"To visit in Zoldo\"}]}]}<\/script>\n<!-- \/ Yoast SEO plugin. -->","yoast_head_json":{"title":"To visit in Zoldo - Dorm\u00ec&amp;Disn\u00e0","robots":{"index":"index","follow":"follow","max-snippet":"max-snippet:-1","max-image-preview":"max-image-preview:large","max-video-preview":"max-video-preview:-1"},"canonical":"https:\/\/www.dormiedisna.it\/en\/walks-and-excursions-zoldo\/to-visit-in-zoldo\/","og_locale":"en_US","og_type":"article","og_title":"To visit in Zoldo - Dorm\u00ec&amp;Disn\u00e0","og_description":"The Church of San Floriano in Pieve &nbsp; The church of San Floriano in Pieve is the most important religious building of the Valley. It was built\u00a0during the 15th century....","og_url":"https:\/\/www.dormiedisna.it\/en\/walks-and-excursions-zoldo\/to-visit-in-zoldo\/","og_site_name":"Dorm\u00ec&amp;Disn\u00e0","article_modified_time":"2018-08-06T10:20:43+00:00","og_image":[{"width":200,"height":266,"url":"https:\/\/www.dormiedisna.it\/wp-content\/uploads\/2015\/04\/CIODAROT.d1287402029.jpg","type":"image\/jpeg"}],"twitter_card":"summary","twitter_misc":{"Est. reading time":"2 minutes"},"schema":{"@context":"https:\/\/schema.org","@graph":[{"@type":"WebSite","@id":"https:\/\/www.dormiedisna.it\/#website","url":"https:\/\/www.dormiedisna.it\/","name":"Dorm\u00ec&amp;Disn\u00e0","description":"Bed &amp; Breakfast, Alloggi","potentialAction":[{"@type":"SearchAction","target":{"@type":"EntryPoint","urlTemplate":"https:\/\/www.dormiedisna.it\/?s={search_term_string}"},"query-input":"required name=search_term_string"}],"inLanguage":"en-US"},{"@type":"ImageObject","@id":"https:\/\/www.dormiedisna.it\/en\/walks-and-excursions-zoldo\/to-visit-in-zoldo\/#primaryimage","inLanguage":"en-US","url":"https:\/\/www.dormiedisna.it\/wp-content\/uploads\/2015\/04\/CIODAROT.d1287402029.jpg","contentUrl":"https:\/\/www.dormiedisna.it\/wp-content\/uploads\/2015\/04\/CIODAROT.d1287402029.jpg","width":200,"height":266},{"@type":"WebPage","@id":"https:\/\/www.dormiedisna.it\/en\/walks-and-excursions-zoldo\/to-visit-in-zoldo\/#webpage","url":"https:\/\/www.dormiedisna.it\/en\/walks-and-excursions-zoldo\/to-visit-in-zoldo\/","name":"To visit in Zoldo - Dorm\u00ec&amp;Disn\u00e0","isPartOf":{"@id":"https:\/\/www.dormiedisna.it\/#website"},"primaryImageOfPage":{"@id":"https:\/\/www.dormiedisna.it\/en\/walks-and-excursions-zoldo\/to-visit-in-zoldo\/#primaryimage"},"datePublished":"2015-08-04T14:01:38+00:00","dateModified":"2018-08-06T10:20:43+00:00","breadcrumb":{"@id":"https:\/\/www.dormiedisna.it\/en\/walks-and-excursions-zoldo\/to-visit-in-zoldo\/#breadcrumb"},"inLanguage":"en-US","potentialAction":[{"@type":"ReadAction","target":["https:\/\/www.dormiedisna.it\/en\/walks-and-excursions-zoldo\/to-visit-in-zoldo\/"]}]},{"@type":"BreadcrumbList","@id":"https:\/\/www.dormiedisna.it\/en\/walks-and-excursions-zoldo\/to-visit-in-zoldo\/#breadcrumb","itemListElement":[{"@type":"ListItem","position":1,"name":"Home","item":"https:\/\/www.dormiedisna.it\/en\/"},{"@type":"ListItem","position":2,"name":"Walks and excursions in Zoldo","item":"https:\/\/www.dormiedisna.it\/en\/walks-and-excursions-zoldo\/"},{"@type":"ListItem","position":3,"name":"To visit in Zoldo"}]}]}},"jetpack_sharing_enabled":true,"jetpack_shortlink":"https:\/\/wp.me\/P65isy-a8","_links":{"self":[{"href":"https:\/\/www.dormiedisna.it\/en\/wp-json\/wp\/v2\/pages\/628\/"}],"collection":[{"href":"https:\/\/www.dormiedisna.it\/en\/wp-json\/wp\/v2\/pages\/"}],"about":[{"href":"https:\/\/www.dormiedisna.it\/en\/wp-json\/wp\/v2\/types\/page\/"}],"author":[{"embeddable":true,"href":"https:\/\/www.dormiedisna.it\/en\/wp-json\/wp\/v2\/users\/1\/"}],"replies":[{"embeddable":true,"href":"https:\/\/www.dormiedisna.it\/en\/wp-json\/wp\/v2\/comments\/?post=628"}],"version-history":[{"count":11,"href":"https:\/\/www.dormiedisna.it\/en\/wp-json\/wp\/v2\/pages\/628\/revisions\/"}],"predecessor-version":[{"id":2217,"href":"https:\/\/www.dormiedisna.it\/en\/wp-json\/wp\/v2\/pages\/628\/revisions\/2217\/"}],"up":[{"embeddable":true,"href":"https:\/\/www.dormiedisna.it\/en\/wp-json\/wp\/v2\/pages\/654\/"}],"wp:featuredmedia":[{"embeddable":true,"href":"https:\/\/www.dormiedisna.it\/en\/wp-json\/wp\/v2\/media\/112\/"}],"wp:attachment":[{"href":"https:\/\/www.dormiedisna.it\/en\/wp-json\/wp\/v2\/media\/?parent=628"}],"curies":[{"name":"wp","href":"https:\/\/api.w.org\/{rel}","templated":true}]}}