{"id":641,"date":"2015-08-04T14:25:55","date_gmt":"2015-08-04T14:25:55","guid":{"rendered":"http:\/\/dormiedisna.dolomitiproject.it\/?page_id=641&#038;lang=en"},"modified":"2018-07-27T09:35:02","modified_gmt":"2018-07-27T09:35:02","slug":"contatti","status":"publish","type":"page","link":"https:\/\/www.dormiedisna.it\/en\/contatti\/","title":{"rendered":"Contacts"},"content":{"rendered":"<p>If you should require any further information about your stay at our facilities at Dorm\u00ec&amp;Disn\u00e0 in Fornesighe or about the Zoldo Valley, please contact us by mail or telephone. We will gladly give you all the information or advice you need on how to spend your holidays.<\/p>\n","protected":false},"excerpt":{"rendered":"<p>If you should require any further information about your stay at our facilities at Dorm\u00ec&amp;Disn\u00e0 in Fornesighe or about the Zoldo Valley, please contact us by mail or telephone. We&#8230;<\/p>\n","protected":false},"author":1,"featured_media":0,"parent":0,"menu_order":0,"comment_status":"open","ping_status":"open","template":"template-contact.php","meta":{"spay_email":""},"yoast_head":"<!-- This site is optimized with the Yoast SEO plugin v18.4.1 - https:\/\/yoast.com\/wordpress\/plugins\/seo\/ -->\n<title>Contacts - Dorm\u00ec&amp;Disn\u00e0<\/title>\n<meta name=\"robots\" content=\"index, follow, max-snippet:-1, max-image-preview:large, max-video-preview:-1\" \/>\n<link rel=\"canonical\" href=\"https:\/\/www.dormiedisna.it\/en\/contatti\/\" \/>\n<meta property=\"og:locale\" content=\"en_US\" \/>\n<meta property=\"og:type\" content=\"article\" \/>\n<meta property=\"og:title\" content=\"Contacts - Dorm\u00ec&amp;Disn\u00e0\" \/>\n<meta property=\"og:description\" content=\"If you should require any further information about your stay at our facilities at Dorm\u00ec&amp;Disn\u00e0 in Fornesighe or about the Zoldo Valley, please contact us by mail or telephone. We...\" \/>\n<meta property=\"og:url\" content=\"https:\/\/www.dormiedisna.it\/en\/contatti\/\" \/>\n<meta property=\"og:site_name\" content=\"Dorm\u00ec&amp;Disn\u00e0\" \/>\n<meta property=\"article:modified_time\" content=\"2018-07-27T09:35:02+00:00\" \/>\n<meta name=\"twitter:card\" content=\"summary\" \/>\n<script type=\"application\/ld+json\" class=\"yoast-schema-graph\">{\"@context\":\"https:\/\/schema.org\",\"@graph\":[{\"@type\":\"WebSite\",\"@id\":\"https:\/\/www.dormiedisna.it\/#website\",\"url\":\"https:\/\/www.dormiedisna.it\/\",\"name\":\"Dorm\u00ec&amp;Disn\u00e0\",\"description\":\"Bed &amp; Breakfast, Alloggi\",\"potentialAction\":[{\"@type\":\"SearchAction\",\"target\":{\"@type\":\"EntryPoint\",\"urlTemplate\":\"https:\/\/www.dormiedisna.it\/?s={search_term_string}\"},\"query-input\":\"required name=search_term_string\"}],\"inLanguage\":\"en-US\"},{\"@type\":\"WebPage\",\"@id\":\"https:\/\/www.dormiedisna.it\/en\/contatti\/#webpage\",\"url\":\"https:\/\/www.dormiedisna.it\/en\/contatti\/\",\"name\":\"Contacts - Dorm\u00ec&amp;Disn\u00e0\",\"isPartOf\":{\"@id\":\"https:\/\/www.dormiedisna.it\/#website\"},\"datePublished\":\"2015-08-04T14:25:55+00:00\",\"dateModified\":\"2018-07-27T09:35:02+00:00\",\"breadcrumb\":{\"@id\":\"https:\/\/www.dormiedisna.it\/en\/contatti\/#breadcrumb\"},\"inLanguage\":\"en-US\",\"potentialAction\":[{\"@type\":\"ReadAction\",\"target\":[\"https:\/\/www.dormiedisna.it\/en\/contatti\/\"]}]},{\"@type\":\"BreadcrumbList\",\"@id\":\"https:\/\/www.dormiedisna.it\/en\/contatti\/#breadcrumb\",\"itemListElement\":[{\"@type\":\"ListItem\",\"position\":1,\"name\":\"Home\",\"item\":\"https:\/\/www.dormiedisna.it\/en\/\"},{\"@type\":\"ListItem\",\"position\":2,\"name\":\"Contacts\"}]}]}<\/script>\n<!-- \/ Yoast SEO plugin. -->","yoast_head_json":{"title":"Contacts - Dorm\u00ec&amp;Disn\u00e0","robots":{"index":"index","follow":"follow","max-snippet":"max-snippet:-1","max-image-preview":"max-image-preview:large","max-video-preview":"max-video-preview:-1"},"canonical":"https:\/\/www.dormiedisna.it\/en\/contatti\/","og_locale":"en_US","og_type":"article","og_title":"Contacts - Dorm\u00ec&amp;Disn\u00e0","og_description":"If you should require any further information about your stay at our facilities at Dorm\u00ec&amp;Disn\u00e0 in Fornesighe or about the Zoldo Valley, please contact us by mail or telephone. We...","og_url":"https:\/\/www.dormiedisna.it\/en\/contatti\/","og_site_name":"Dorm\u00ec&amp;Disn\u00e0","article_modified_time":"2018-07-27T09:35:02+00:00","twitter_card":"summary","schema":{"@context":"https:\/\/schema.org","@graph":[{"@type":"WebSite","@id":"https:\/\/www.dormiedisna.it\/#website","url":"https:\/\/www.dormiedisna.it\/","name":"Dorm\u00ec&amp;Disn\u00e0","description":"Bed &amp; Breakfast, Alloggi","potentialAction":[{"@type":"SearchAction","target":{"@type":"EntryPoint","urlTemplate":"https:\/\/www.dormiedisna.it\/?s={search_term_string}"},"query-input":"required name=search_term_string"}],"inLanguage":"en-US"},{"@type":"WebPage","@id":"https:\/\/www.dormiedisna.it\/en\/contatti\/#webpage","url":"https:\/\/www.dormiedisna.it\/en\/contatti\/","name":"Contacts - Dorm\u00ec&amp;Disn\u00e0","isPartOf":{"@id":"https:\/\/www.dormiedisna.it\/#website"},"datePublished":"2015-08-04T14:25:55+00:00","dateModified":"2018-07-27T09:35:02+00:00","breadcrumb":{"@id":"https:\/\/www.dormiedisna.it\/en\/contatti\/#breadcrumb"},"inLanguage":"en-US","potentialAction":[{"@type":"ReadAction","target":["https:\/\/www.dormiedisna.it\/en\/contatti\/"]}]},{"@type":"BreadcrumbList","@id":"https:\/\/www.dormiedisna.it\/en\/contatti\/#breadcrumb","itemListElement":[{"@type":"ListItem","position":1,"name":"Home","item":"https:\/\/www.dormiedisna.it\/en\/"},{"@type":"ListItem","position":2,"name":"Contacts"}]}]}},"jetpack_sharing_enabled":true,"jetpack_shortlink":"https:\/\/wp.me\/P65isy-al","_links":{"self":[{"href":"https:\/\/www.dormiedisna.it\/en\/wp-json\/wp\/v2\/pages\/641\/"}],"collection":[{"href":"https:\/\/www.dormiedisna.it\/en\/wp-json\/wp\/v2\/pages\/"}],"about":[{"href":"https:\/\/www.dormiedisna.it\/en\/wp-json\/wp\/v2\/types\/page\/"}],"author":[{"embeddable":true,"href":"https:\/\/www.dormiedisna.it\/en\/wp-json\/wp\/v2\/users\/1\/"}],"replies":[{"embeddable":true,"href":"https:\/\/www.dormiedisna.it\/en\/wp-json\/wp\/v2\/comments\/?post=641"}],"version-history":[{"count":14,"href":"https:\/\/www.dormiedisna.it\/en\/wp-json\/wp\/v2\/pages\/641\/revisions\/"}],"predecessor-version":[{"id":2188,"href":"https:\/\/www.dormiedisna.it\/en\/wp-json\/wp\/v2\/pages\/641\/revisions\/2188\/"}],"wp:attachment":[{"href":"https:\/\/www.dormiedisna.it\/en\/wp-json\/wp\/v2\/media\/?parent=641"}],"curies":[{"name":"wp","href":"https:\/\/api.w.org\/{rel}","templated":true}]}}